{"id":14,"date":"2025-07-12T23:05:03","date_gmt":"2025-07-12T20:05:03","guid":{"rendered":"https:\/\/kutaisi.fi\/?page_id=14"},"modified":"2026-04-09T10:25:17","modified_gmt":"2026-04-09T07:25:17","slug":"home","status":"publish","type":"page","link":"https:\/\/kutaisi.fi\/en\/","title":{"rendered":"Home"},"content":{"rendered":"<div data-elementor-type=\"wp-page\" data-elementor-id=\"14\" class=\"elementor elementor-14\" data-elementor-post-type=\"page\">\n\t\t\t\t<div class=\"wd-negative-gap elementor-element elementor-element-fa85e0d wd-section-stretch e-flex e-con-boxed e-con e-parent\" data-id=\"fa85e0d\" data-element_type=\"container\" data-settings=\"{&quot;background_background&quot;:&quot;video&quot;,&quot;background_video_link&quot;:&quot;https:\\\/\\\/kutaisi.fi\\\/wp-content\\\/uploads\\\/2025\\\/07\\\/video.mp4&quot;,&quot;background_play_on_mobile&quot;:&quot;yes&quot;}\">\n\t\t\t\t\t<div class=\"e-con-inner\">\n\t\t<div class=\"elementor-background-video-container\" aria-hidden=\"true\">\n\t\t\t\t\t\t\t<video class=\"elementor-background-video-hosted\" autoplay muted playsinline loop><\/video>\n\t\t\t\t\t<\/div>\t\t<div class=\"elementor-element elementor-element-361f16e elementor-invisible elementor-widget elementor-widget-heading\" data-id=\"361f16e\" data-element_type=\"widget\" data-settings=\"{&quot;_animation&quot;:&quot;slideInUp&quot;,&quot;_animation_delay&quot;:100}\" data-widget_type=\"heading.default\">\n\t\t\t\t\t<h1 class=\"elementor-heading-title elementor-size-default\">Restaurant Kutaisi \u2013  <br>Georgia in my heart.<\/h1>\t\t\t\t<\/div>\n\t\t\t\t<div class=\"elementor-element elementor-element-a1dfcbd elementor-invisible elementor-widget elementor-widget-heading\" data-id=\"a1dfcbd\" data-element_type=\"widget\" data-settings=\"{&quot;_animation&quot;:&quot;slideInUp&quot;,&quot;_animation_delay&quot;:500}\" data-widget_type=\"heading.default\">\n\t\t\t\t\t<h2 class=\"elementor-heading-title elementor-size-default\">Georgian restaurant in Mikkeli<\/h2>\t\t\t\t<\/div>\n\t\t\t\t\t<\/div>\n\t\t\t\t<\/div>\n\t\t<div class=\"wd-negative-gap elementor-element elementor-element-d1e421e wd-section-stretch e-flex e-con-boxed e-con e-parent\" data-id=\"d1e421e\" data-element_type=\"container\" id=\"about\" data-settings=\"{&quot;background_background&quot;:&quot;classic&quot;}\">\n\t\t\t\t\t<div class=\"e-con-inner\">\n\t\t<div class=\"elementor-element elementor-element-e0e101e e-con-full e-flex e-con e-child\" data-id=\"e0e101e\" data-element_type=\"container\">\n\t\t\t\t<div class=\"elementor-element elementor-element-5c72913 elementor-arrows-position-inside elementor-widget elementor-widget-image-carousel\" data-id=\"5c72913\" data-element_type=\"widget\" data-settings=\"{&quot;slides_to_show&quot;:&quot;1&quot;,&quot;navigation&quot;:&quot;arrows&quot;,&quot;lazyload&quot;:&quot;yes&quot;,&quot;autoplay&quot;:&quot;yes&quot;,&quot;pause_on_hover&quot;:&quot;yes&quot;,&quot;pause_on_interaction&quot;:&quot;yes&quot;,&quot;autoplay_speed&quot;:5000,&quot;infinite&quot;:&quot;yes&quot;,&quot;effect&quot;:&quot;slide&quot;,&quot;speed&quot;:500}\" data-widget_type=\"image-carousel.default\">\n\t\t\t\t\t\t\t<div class=\"elementor-image-carousel-wrapper swiper\" role=\"region\" aria-roledescription=\"carousel\" aria-label=\"Image Carousel\" dir=\"ltr\">\n\t\t\t<div class=\"elementor-image-carousel swiper-wrapper\" aria-live=\"off\">\n\t\t\t\t\t\t\t\t<div class=\"swiper-slide\" role=\"group\" aria-roledescription=\"slide\" aria-label=\"1 of 5\" data-no-translation-aria-label=\"\"><a data-elementor-open-lightbox=\"yes\" data-elementor-lightbox-slideshow=\"5c72913\" data-elementor-lightbox-title=\"Ravintola Kutaisi in Mikkeli\" data-e-action-hash=\"#elementor-action%3Aaction%3Dlightbox%26settings%3DeyJpZCI6NTA0LCJ1cmwiOiJodHRwczpcL1wva3V0YWlzaS5maVwvd3AtY29udGVudFwvdXBsb2Fkc1wvMjAyNVwvMTBcL0lNRy0yMDI1MTAwNC1XQTAwMzguanBnIiwic2xpZGVzaG93IjoiNWM3MjkxMyJ9\" href=\"https:\/\/kutaisi.fi\/wp-content\/uploads\/2025\/10\/IMG-20251004-WA0038.jpg\"><figure class=\"swiper-slide-inner\"><img class=\"swiper-slide-image swiper-lazy\" data-src=\"https:\/\/kutaisi.fi\/wp-content\/uploads\/2025\/10\/IMG-20251004-WA0038.jpg\" alt=\"Ravintola Kutaisi in Mikkeli\" \/><div class=\"swiper-lazy-preloader\"><\/div><\/figure><\/a><\/div><div class=\"swiper-slide\" role=\"group\" aria-roledescription=\"slide\" aria-label=\"2 of 5\" data-no-translation-aria-label=\"\"><a data-elementor-open-lightbox=\"yes\" data-elementor-lightbox-slideshow=\"5c72913\" data-elementor-lightbox-title=\"Ravintola Kutaisi in Mikkeli\" data-e-action-hash=\"#elementor-action%3Aaction%3Dlightbox%26settings%3DeyJpZCI6NTA1LCJ1cmwiOiJodHRwczpcL1wva3V0YWlzaS5maVwvd3AtY29udGVudFwvdXBsb2Fkc1wvMjAyNVwvMTBcL0lNRy0yMDI1MTAwNC1XQTAwMzkuanBnIiwic2xpZGVzaG93IjoiNWM3MjkxMyJ9\" href=\"https:\/\/kutaisi.fi\/wp-content\/uploads\/2025\/10\/IMG-20251004-WA0039.jpg\"><figure class=\"swiper-slide-inner\"><img class=\"swiper-slide-image swiper-lazy\" data-src=\"https:\/\/kutaisi.fi\/wp-content\/uploads\/2025\/10\/IMG-20251004-WA0039.jpg\" alt=\"Ravintola Kutaisi in Mikkeli\" \/><div class=\"swiper-lazy-preloader\"><\/div><\/figure><\/a><\/div><div class=\"swiper-slide\" role=\"group\" aria-roledescription=\"slide\" aria-label=\"3 of 5\" data-no-translation-aria-label=\"\"><a data-elementor-open-lightbox=\"yes\" data-elementor-lightbox-slideshow=\"5c72913\" data-elementor-lightbox-title=\"Ravintola Kutaisi in Mikkeli\" data-e-action-hash=\"#elementor-action%3Aaction%3Dlightbox%26settings%3DeyJpZCI6NTA2LCJ1cmwiOiJodHRwczpcL1wva3V0YWlzaS5maVwvd3AtY29udGVudFwvdXBsb2Fkc1wvMjAyNVwvMTBcL0lNRy0yMDI1MTAwNC1XQTAwNDIuanBnIiwic2xpZGVzaG93IjoiNWM3MjkxMyJ9\" href=\"https:\/\/kutaisi.fi\/wp-content\/uploads\/2025\/10\/IMG-20251004-WA0042.jpg\"><figure class=\"swiper-slide-inner\"><img class=\"swiper-slide-image swiper-lazy\" data-src=\"https:\/\/kutaisi.fi\/wp-content\/uploads\/2025\/10\/IMG-20251004-WA0042.jpg\" alt=\"Ravintola Kutaisi in Mikkeli\" \/><div class=\"swiper-lazy-preloader\"><\/div><\/figure><\/a><\/div><div class=\"swiper-slide\" role=\"group\" aria-roledescription=\"slide\" aria-label=\"4 of 5\" data-no-translation-aria-label=\"\"><a data-elementor-open-lightbox=\"yes\" data-elementor-lightbox-slideshow=\"5c72913\" data-elementor-lightbox-title=\"Ravintola Kutaisi in Mikkeli\" data-e-action-hash=\"#elementor-action%3Aaction%3Dlightbox%26settings%3DeyJpZCI6NTA3LCJ1cmwiOiJodHRwczpcL1wva3V0YWlzaS5maVwvd3AtY29udGVudFwvdXBsb2Fkc1wvMjAyNVwvMTBcL0lNRy0yMDI1MTAwNC1XQTAwNDguanBnIiwic2xpZGVzaG93IjoiNWM3MjkxMyJ9\" href=\"https:\/\/kutaisi.fi\/wp-content\/uploads\/2025\/10\/IMG-20251004-WA0048.jpg\"><figure class=\"swiper-slide-inner\"><img class=\"swiper-slide-image swiper-lazy\" data-src=\"https:\/\/kutaisi.fi\/wp-content\/uploads\/2025\/10\/IMG-20251004-WA0048.jpg\" alt=\"Ravintola Kutaisi in Mikkeli\" \/><div class=\"swiper-lazy-preloader\"><\/div><\/figure><\/a><\/div><div class=\"swiper-slide\" role=\"group\" aria-roledescription=\"slide\" aria-label=\"5 of 5\" data-no-translation-aria-label=\"\"><a data-elementor-open-lightbox=\"yes\" data-elementor-lightbox-slideshow=\"5c72913\" data-elementor-lightbox-title=\"Ravintola Kutaisi in Mikkeli\" data-e-action-hash=\"#elementor-action%3Aaction%3Dlightbox%26settings%3DeyJpZCI6NTA4LCJ1cmwiOiJodHRwczpcL1wva3V0YWlzaS5maVwvd3AtY29udGVudFwvdXBsb2Fkc1wvMjAyNVwvMTBcL0lNRy0yMDI1MTAwNC1XQTAwNTAuanBnIiwic2xpZGVzaG93IjoiNWM3MjkxMyJ9\" href=\"https:\/\/kutaisi.fi\/wp-content\/uploads\/2025\/10\/IMG-20251004-WA0050.jpg\"><figure class=\"swiper-slide-inner\"><img class=\"swiper-slide-image swiper-lazy\" data-src=\"https:\/\/kutaisi.fi\/wp-content\/uploads\/2025\/10\/IMG-20251004-WA0050.jpg\" alt=\"Ravintola Kutaisi in Mikkeli\" \/><div class=\"swiper-lazy-preloader\"><\/div><\/figure><\/a><\/div>\t\t\t<\/div>\n\t\t\t\t\t\t\t\t\t\t\t\t<div class=\"elementor-swiper-button elementor-swiper-button-prev\" role=\"button\" tabindex=\"0\">\n\t\t\t\t\t\t<svg aria-hidden=\"true\" class=\"e-font-icon-svg e-eicon-chevron-left\" viewbox=\"0 0 1000 1000\" xmlns=\"http:\/\/www.w3.org\/2000\/svg\"><path d=\"M646 125C629 125 613 133 604 142L308 442C296 454 292 471 292 487 292 504 296 521 308 533L604 854C617 867 629 875 646 875 663 875 679 871 692 858 704 846 713 829 713 812 713 796 708 779 692 767L438 487 692 225C700 217 708 204 708 187 708 171 704 154 692 142 675 129 663 125 646 125Z\"><\/path><\/svg>\t\t\t\t\t<\/div>\n\t\t\t\t\t<div class=\"elementor-swiper-button elementor-swiper-button-next\" role=\"button\" tabindex=\"0\">\n\t\t\t\t\t\t<svg aria-hidden=\"true\" class=\"e-font-icon-svg e-eicon-chevron-right\" viewbox=\"0 0 1000 1000\" xmlns=\"http:\/\/www.w3.org\/2000\/svg\"><path d=\"M696 533C708 521 713 504 713 487 713 471 708 454 696 446L400 146C388 133 375 125 354 125 338 125 325 129 313 142 300 154 292 171 292 187 292 204 296 221 308 233L563 492 304 771C292 783 288 800 288 817 288 833 296 850 308 863 321 871 338 875 354 875 371 875 388 867 400 854L696 533Z\"><\/path><\/svg>\t\t\t\t\t<\/div>\n\t\t\t\t\n\t\t\t\t\t\t\t\t\t<\/div>\n\t\t\t\t\t\t<\/div>\n\t\t\t\t<\/div>\n\t\t<div class=\"elementor-element elementor-element-deb789d e-con-full e-flex e-con e-child\" data-id=\"deb789d\" data-element_type=\"container\">\n\t\t\t\t<div class=\"elementor-element elementor-element-faebe1d elementor-invisible elementor-widget elementor-widget-heading\" data-id=\"faebe1d\" data-element_type=\"widget\" data-settings=\"{&quot;_animation&quot;:&quot;wd-anim-slide-from-bottom&quot;,&quot;_animation_delay&quot;:100}\" data-widget_type=\"heading.default\">\n\t\t\t\t\t<h2 class=\"elementor-heading-title elementor-size-default\"><span style=\"color:#C3A55C;font-family: 'Pinyon Script'\">K<\/span>utaisi<\/h2>\t\t\t\t<\/div>\n\t\t\t\t<div class=\"elementor-element elementor-element-4158a6e elementor-invisible elementor-widget elementor-widget-image\" data-id=\"4158a6e\" data-element_type=\"widget\" data-settings=\"{&quot;_animation&quot;:&quot;wd-anim-slide-from-bottom&quot;,&quot;_animation_delay&quot;:200}\" data-widget_type=\"image.default\">\n\t\t\t\t\t\t\t\t\t\t\t\t\t\t\t<img fetchpriority=\"high\" decoding=\"async\" width=\"509\" height=\"143\" src=\"https:\/\/kutaisi.fi\/wp-content\/uploads\/2025\/07\/mount.png\" class=\"attachment-full size-full wp-image-237\" alt=\"Ravintola Kutaisi in Mikkeli\" srcset=\"https:\/\/kutaisi.fi\/wp-content\/uploads\/2025\/07\/mount.png 509w, https:\/\/kutaisi.fi\/wp-content\/uploads\/2025\/07\/mount-300x84.png 300w\" sizes=\"(max-width: 509px) 100vw, 509px\" \/>\t\t\t\t\t\t\t\t\t\t\t\t\t\t\t<\/div>\n\t\t\t\t<div class=\"elementor-element elementor-element-f14a0d2 color-scheme-inherit text-left elementor-invisible elementor-widget elementor-widget-text-editor\" data-id=\"f14a0d2\" data-element_type=\"widget\" data-settings=\"{&quot;_animation&quot;:&quot;wd-anim-slide-from-bottom&quot;,&quot;_animation_delay&quot;:300}\" data-widget_type=\"text-editor.default\">\n\t\t\t\t\t\t\t\t\t<p>The name of our restaurant comes from the ancient city of Kutaisi \u2014 a rocky land on the banks of the Rioni River, long considered a place of strength and spiritual energy. It is here that Georgian culture, traditions, and culinary art were born \u2014 and we bring them to life in every dish we serve.<\/p>\t\t\t\t\t\t\t\t<\/div>\n\t\t\t\t<\/div>\n\t\t\t\t\t<\/div>\n\t\t\t\t<\/div>\n\t\t<div class=\"wd-negative-gap elementor-element elementor-element-345390f wd-section-stretch-content e-flex e-con-boxed e-con e-parent\" data-id=\"345390f\" data-element_type=\"container\" id=\"our-menu\">\n\t\t\t\t\t<div class=\"e-con-inner\">\n\t\t<div class=\"elementor-element elementor-element-a29dad5 e-con-full e-flex e-con e-child\" data-id=\"a29dad5\" data-element_type=\"container\">\n\t\t\t\t<div class=\"elementor-element elementor-element-1a3aa7c elementor-invisible elementor-widget elementor-widget-heading\" data-id=\"1a3aa7c\" data-element_type=\"widget\" data-settings=\"{&quot;_animation&quot;:&quot;wd-anim-slide-from-bottom&quot;,&quot;_animation_delay&quot;:100}\" data-widget_type=\"heading.default\">\n\t\t\t\t\t<h2 class=\"elementor-heading-title elementor-size-default\"><span style=\"color:#C3A55C;font-family: 'Pinyon Script'\">Our<\/span> menu<\/h2>\t\t\t\t<\/div>\n\t\t\t\t<div class=\"elementor-element elementor-element-eb3906c elementor-align-right ourmenu elementor-invisible elementor-widget elementor-widget-button\" data-id=\"eb3906c\" data-element_type=\"widget\" data-settings=\"{&quot;_animation&quot;:&quot;wd-anim-slide-from-bottom&quot;,&quot;_animation_tablet&quot;:&quot;wd-anim-slide-from-bottom&quot;,&quot;_animation_delay&quot;:200}\" data-widget_type=\"button.default\">\n\t\t\t\t\t\t\t\t\t\t<a class=\"elementor-button elementor-button-link elementor-size-sm\" href=\"https:\/\/kutaisi.fi\/en\/pdfviewer\/our-menu\/?auto_viewer=true#page=&#038;zoom=auto&#038;pagemode=none\" target=\"_blank\">\n\t\t\t\t\t\t<span class=\"elementor-button-content-wrapper\">\n\t\t\t\t\t\t\t\t\t<span class=\"elementor-button-text\">Menu<\/span>\n\t\t\t\t\t<\/span>\n\t\t\t\t\t<\/a>\n\t\t\t\t\t\t\t\t<\/div>\n\t\t\t\t<\/div>\n\t\t<div class=\"elementor-element elementor-element-eee34c7 e-con-full e-flex e-con e-child\" data-id=\"eee34c7\" data-element_type=\"container\" data-settings=\"{&quot;background_background&quot;:&quot;classic&quot;,&quot;background_motion_fx_motion_fx_scrolling&quot;:&quot;yes&quot;,&quot;background_motion_fx_translateY_effect&quot;:&quot;yes&quot;,&quot;background_motion_fx_translateY_speed&quot;:{&quot;unit&quot;:&quot;px&quot;,&quot;size&quot;:4,&quot;sizes&quot;:[]},&quot;background_motion_fx_translateY_affectedRange&quot;:{&quot;unit&quot;:&quot;%&quot;,&quot;size&quot;:&quot;&quot;,&quot;sizes&quot;:{&quot;start&quot;:0,&quot;end&quot;:100}},&quot;background_motion_fx_devices&quot;:[&quot;desktop&quot;,&quot;tablet&quot;,&quot;mobile&quot;]}\">\n\t\t\t\t<div class=\"elementor-element elementor-element-cfa4de1 elementor-widget elementor-widget-spacer\" data-id=\"cfa4de1\" data-element_type=\"widget\" data-widget_type=\"spacer.default\">\n\t\t\t\t\t\t\t<div class=\"elementor-spacer\">\n\t\t\t<div class=\"elementor-spacer-inner\"><\/div>\n\t\t<\/div>\n\t\t\t\t\t\t<\/div>\n\t\t\t\t<\/div>\n\t\t\t\t\t<\/div>\n\t\t\t\t<\/div>\n\t\t<div class=\"wd-negative-gap elementor-element elementor-element-cf197e3 wd-section-stretch e-flex e-con-boxed e-con e-parent\" data-id=\"cf197e3\" data-element_type=\"container\" data-settings=\"{&quot;background_background&quot;:&quot;classic&quot;}\">\n\t\t\t\t\t<div class=\"e-con-inner\">\n\t\t\t\t<div class=\"elementor-element elementor-element-81e5ebe elementor-invisible elementor-widget elementor-widget-heading\" data-id=\"81e5ebe\" data-element_type=\"widget\" data-settings=\"{&quot;_animation&quot;:&quot;wd-anim-slide-from-bottom&quot;}\" data-widget_type=\"heading.default\">\n\t\t\t\t\t<h2 class=\"elementor-heading-title elementor-size-default\">Georgian <span style=\"color:#C3A55C;font-family: 'Pinyon Script'\">restaurant<\/span> In Mikkeli with delicious dishes and affordable prices<\/h2>\t\t\t\t<\/div>\n\t\t\t\t<div class=\"elementor-element elementor-element-37efb28 elementor-invisible elementor-widget elementor-widget-image\" data-id=\"37efb28\" data-element_type=\"widget\" data-settings=\"{&quot;_animation&quot;:&quot;wd-anim-slide-from-bottom&quot;,&quot;_animation_delay&quot;:200}\" data-widget_type=\"image.default\">\n\t\t\t\t\t\t\t\t\t\t\t\t\t\t\t<img fetchpriority=\"high\" decoding=\"async\" width=\"509\" height=\"143\" src=\"https:\/\/kutaisi.fi\/wp-content\/uploads\/2025\/07\/mount.png\" class=\"attachment-full size-full wp-image-237\" alt=\"Ravintola Kutaisi in Mikkeli\" srcset=\"https:\/\/kutaisi.fi\/wp-content\/uploads\/2025\/07\/mount.png 509w, https:\/\/kutaisi.fi\/wp-content\/uploads\/2025\/07\/mount-300x84.png 300w\" sizes=\"(max-width: 509px) 100vw, 509px\" \/>\t\t\t\t\t\t\t\t\t\t\t\t\t\t\t<\/div>\n\t\t\t\t<div class=\"elementor-element elementor-element-80b9317 color-scheme-inherit text-left elementor-invisible elementor-widget elementor-widget-text-editor\" data-id=\"80b9317\" data-element_type=\"widget\" data-settings=\"{&quot;_animation&quot;:&quot;wd-anim-slide-from-bottom&quot;,&quot;_animation_delay&quot;:300}\" data-widget_type=\"text-editor.default\">\n\t\t\t\t\t\t\t\t\t<p>Do you love Georgian cuisine, but still think that real flavors can only be found in Georgia itself? If so, then we have good news for you - you don't have to cross the border, because pieces of the Caucasian soul can be found in our restaurant.<\/p><p>The personal staff and chefs of the Kitaisi Restaurant have prepared Georgian dishes for you that will amaze your taste buds and immerse you in the atmosphere of hospitality of sunny Georgia. Here you can taste a wide variety of dishes, ranging from classic khachapuri and khinkali to aromatic soups and unusual desserts.<\/p><p>Our authentic restaurant, created with the aim of popularizing Georgian cuisine and culture in Finland. The idea of \u200b\u200bthe restaurant is to give guests a unique taste of traditional Georgian dishes and introduce them to the extraordinary atmosphere of real Georgia.  The restaurant menu is quite diverse, but all dishes retain the authenticity of the flavors that are so appreciated in Georgian cuisine. The restaurant's chefs are true experts in their field, as they come from Kakheti - a historical region of Georgia, where gastronomic culture occupies a special place.<\/p>\t\t\t\t\t\t\t\t<\/div>\n\t\t\t\t\t<\/div>\n\t\t\t\t<\/div>\n\t\t<div class=\"wd-negative-gap elementor-element elementor-element-1d27771 wd-section-stretch e-flex e-con-boxed e-con e-parent\" data-id=\"1d27771\" data-element_type=\"container\" id=\"reserv\" data-settings=\"{&quot;background_background&quot;:&quot;classic&quot;}\">\n\t\t\t\t\t<div class=\"e-con-inner\">\n\t\t\t\t<div class=\"elementor-element elementor-element-a4ad193 elementor-invisible elementor-widget elementor-widget-heading\" data-id=\"a4ad193\" data-element_type=\"widget\" data-settings=\"{&quot;_animation&quot;:&quot;wd-anim-slide-from-bottom&quot;,&quot;_animation_delay&quot;:100}\" data-widget_type=\"heading.default\">\n\t\t\t\t\t<h2 class=\"elementor-heading-title elementor-size-default\"><span style=\"color:#C3A55C;font-family: 'Pinyon Script'\">P<\/span>eservation<\/h2>\t\t\t\t<\/div>\n\t\t\t\t<div class=\"elementor-element elementor-element-dacb61d elementor-invisible elementor-widget elementor-widget-heading\" data-id=\"dacb61d\" data-element_type=\"widget\" data-settings=\"{&quot;_animation&quot;:&quot;wd-anim-slide-from-bottom&quot;,&quot;_animation_delay&quot;:200}\" data-widget_type=\"heading.default\">\n\t\t\t\t\t<h3 class=\"elementor-heading-title elementor-size-default\">Restaurant Kutaisi<\/h3>\t\t\t\t<\/div>\n\t\t\t\t<div class=\"elementor-element elementor-element-9e4ed9f elementor-align-center elementor-icon-list--layout-traditional elementor-list-item-link-full_width elementor-invisible elementor-widget elementor-widget-icon-list\" data-id=\"9e4ed9f\" data-element_type=\"widget\" data-settings=\"{&quot;_animation&quot;:&quot;wd-anim-slide-from-bottom&quot;,&quot;_animation_delay&quot;:400}\" data-widget_type=\"icon-list.default\">\n\t\t\t\t\t\t\t<ul class=\"elementor-icon-list-items\">\n\t\t\t\t\t\t\t<li class=\"elementor-icon-list-item\">\n\t\t\t\t\t\t\t\t\t\t\t<span class=\"elementor-icon-list-icon\">\n\t\t\t\t\t\t\t<svg aria-hidden=\"true\" class=\"e-font-icon-svg e-fas-map-marked-alt\" viewbox=\"0 0 576 512\" xmlns=\"http:\/\/www.w3.org\/2000\/svg\"><path d=\"M288 0c-69.59 0-126 56.41-126 126 0 56.26 82.35 158.8 113.9 196.02 6.39 7.54 17.82 7.54 24.2 0C331.65 284.8 414 182.26 414 126 414 56.41 357.59 0 288 0zm0 168c-23.2 0-42-18.8-42-42s18.8-42 42-42 42 18.8 42 42-18.8 42-42 42zM20.12 215.95A32.006 32.006 0 0 0 0 245.66v250.32c0 11.32 11.43 19.06 21.94 14.86L160 448V214.92c-8.84-15.98-16.07-31.54-21.25-46.42L20.12 215.95zM288 359.67c-14.07 0-27.38-6.18-36.51-16.96-19.66-23.2-40.57-49.62-59.49-76.72v182l192 64V266c-18.92 27.09-39.82 53.52-59.49 76.72-9.13 10.77-22.44 16.95-36.51 16.95zm266.06-198.51L416 224v288l139.88-55.95A31.996 31.996 0 0 0 576 426.34V176.02c0-11.32-11.43-19.06-21.94-14.86z\"><\/path><\/svg>\t\t\t\t\t\t<\/span>\n\t\t\t\t\t\t\t\t\t\t<span class=\"elementor-icon-list-text\">Porrassalmenkatu 11, 50100 Mikkeli<\/span>\n\t\t\t\t\t\t\t\t\t<\/li>\n\t\t\t\t\t\t\t\t<li class=\"elementor-icon-list-item\">\n\t\t\t\t\t\t\t\t\t\t\t<a href=\"tel:+358405311601\" target=\"_blank\">\n\n\t\t\t\t\t\t\t\t\t\t\t\t<span class=\"elementor-icon-list-icon\">\n\t\t\t\t\t\t\t<svg aria-hidden=\"true\" class=\"e-font-icon-svg e-fas-phone-square-alt\" viewbox=\"0 0 448 512\" xmlns=\"http:\/\/www.w3.org\/2000\/svg\"><path d=\"M400 32H48A48 48 0 0 0 0 80v352a48 48 0 0 0 48 48h352a48 48 0 0 0 48-48V80a48 48 0 0 0-48-48zm-16.39 307.37l-15 65A15 15 0 0 1 354 416C194 416 64 286.29 64 126a15.7 15.7 0 0 1 11.63-14.61l65-15A18.23 18.23 0 0 1 144 96a16.27 16.27 0 0 1 13.79 9.09l30 70A17.9 17.9 0 0 1 189 181a17 17 0 0 1-5.5 11.61l-37.89 31a231.91 231.91 0 0 0 110.78 110.78l31-37.89A17 17 0 0 1 299 291a17.85 17.85 0 0 1 5.91 1.21l70 30A16.25 16.25 0 0 1 384 336a17.41 17.41 0 0 1-.39 3.37z\"><\/path><\/svg>\t\t\t\t\t\t<\/span>\n\t\t\t\t\t\t\t\t\t\t<span class=\"elementor-icon-list-text\">+358405311601<\/span>\n\t\t\t\t\t\t\t\t\t\t\t<\/a>\n\t\t\t\t\t\t\t\t\t<\/li>\n\t\t\t\t\t\t<\/ul>\n\t\t\t\t\t\t<\/div>\n\t\t\t\t<div class=\"elementor-element elementor-element-9c53e08 elementor-align-center elementor-invisible elementor-widget elementor-widget-button\" data-id=\"9c53e08\" data-element_type=\"widget\" data-settings=\"{&quot;_animation&quot;:&quot;wd-anim-slide-from-bottom&quot;,&quot;_animation_tablet&quot;:&quot;wd-anim-slide-from-bottom&quot;,&quot;_animation_delay&quot;:800}\" data-widget_type=\"button.default\">\n\t\t\t\t\t\t\t\t\t\t<a class=\"elementor-button elementor-button-link elementor-size-sm\" href=\"https:\/\/www.quandoo.fi\/fi\/checkout-widget\/widget?merchantId=107841&#038;primaryColor=b79e58&#038;theme=dark&#038;aid=146&#038;utm_source=quandoo-partner&#038;utm_medium=widget-link\" target=\"_blank\">\n\t\t\t\t\t\t<span class=\"elementor-button-content-wrapper\">\n\t\t\t\t\t\t\t\t\t<span class=\"elementor-button-text\">Book a table<\/span>\n\t\t\t\t\t<\/span>\n\t\t\t\t\t<\/a>\n\t\t\t\t\t\t\t\t<\/div>\n\t\t\t\t\t<\/div>\n\t\t\t\t<\/div>\n\t\t<div class=\"wd-negative-gap elementor-element elementor-element-04b99d5 e-flex e-con-boxed e-con e-parent\" data-id=\"04b99d5\" data-element_type=\"container\">\n\t\t\t\t\t<div class=\"e-con-inner\">\n\t\t\t\t\t<\/div>\n\t\t\t\t<\/div>\n\t\t\t\t<\/div>","protected":false},"excerpt":{"rendered":"<p>Ravintola Kutaisi \u2013 Georgia syd\u00e4mess\u00e4ni. Georgialainen ravintola Mikkeliss\u00e4 Kutaisi Ravintolamme nimi tulee muinaisesta Kutaisin kaupungista \u2013 kivisest\u00e4 seudusta Rioni-joen varrella,<\/p>","protected":false},"author":1,"featured_media":0,"parent":0,"menu_order":0,"comment_status":"closed","ping_status":"closed","template":"","meta":{"footnotes":""},"class_list":["post-14","page","type-page","status-publish","hentry"],"_links":{"self":[{"href":"https:\/\/kutaisi.fi\/en\/wp-json\/wp\/v2\/pages\/14","targetHints":{"allow":["GET"]}}],"collection":[{"href":"https:\/\/kutaisi.fi\/en\/wp-json\/wp\/v2\/pages"}],"about":[{"href":"https:\/\/kutaisi.fi\/en\/wp-json\/wp\/v2\/types\/page"}],"author":[{"embeddable":true,"href":"https:\/\/kutaisi.fi\/en\/wp-json\/wp\/v2\/users\/1"}],"replies":[{"embeddable":true,"href":"https:\/\/kutaisi.fi\/en\/wp-json\/wp\/v2\/comments?post=14"}],"version-history":[{"count":403,"href":"https:\/\/kutaisi.fi\/en\/wp-json\/wp\/v2\/pages\/14\/revisions"}],"predecessor-version":[{"id":545,"href":"https:\/\/kutaisi.fi\/en\/wp-json\/wp\/v2\/pages\/14\/revisions\/545"}],"wp:attachment":[{"href":"https:\/\/kutaisi.fi\/en\/wp-json\/wp\/v2\/media?parent=14"}],"curies":[{"name":"wp","href":"https:\/\/api.w.org\/{rel}","templated":true}]}}